{"id":1268,"date":"2021-06-09T18:11:55","date_gmt":"2021-06-09T18:11:55","guid":{"rendered":"http:\/\/theapharma.3h.ca\/?page_id=1268"},"modified":"2022-12-21T16:52:35","modified_gmt":"2022-12-21T16:52:35","slug":"home","status":"publish","type":"page","link":"http:\/\/theapharma.3h.ca\/fr\/","title":{"rendered":"Home"},"content":{"rendered":"<p><div class=\"fusion-fullwidth fullwidth-box fusion-builder-row-1 fusion-flex-container has-pattern-background has-mask-background fusion-parallax-none nonhundred-percent-fullwidth non-hundred-percent-height-scrolling lazyload\" style=\"background-color: rgba(255,255,255,0);background-position: center center;background-repeat: no-repeat;border-width: 0px 0px 0px 0px;border-color:var(--awb-color3);border-style:solid;-webkit-background-size:cover;-moz-background-size:cover;-o-background-size:cover;background-size:cover;\" data-bg=\"http:\/\/theapharma.3h.ca\/wp-content\/uploads\/2022\/10\/page-header-home.jpg\" ><div class=\"fusion-builder-row fusion-row fusion-flex-align-items-flex-start\" style=\"max-width:1456px;margin-left: calc(-4% \/ 2 );margin-right: calc(-4% \/ 2 );\"><div class=\"fusion-layout-column fusion_builder_column fusion-builder-column-0 fusion_builder_column_1_2 1_2 fusion-flex-column fusion-flex-align-self-center\"><div class=\"fusion-column-wrapper fusion-flex-justify-content-center fusion-content-layout-column\" style=\"background-position:left top;background-repeat:no-repeat;-webkit-background-size:cover;-moz-background-size:cover;-o-background-size:cover;background-size:cover;padding: 0px 0px 0px 0px;\"><div class=\"fusion-text fusion-text-1 hero-text-shadow\" style=\"text-align:center;font-size:96px;line-height:.98em;letter-spacing:-2px;text-transform:lowercase;color:#ffffff;font-family:&quot;Chalet&quot;;\"><p>voyez l\u2019avenir des traitements<\/p>\n<\/div><\/div><style type=\"text\/css\">.fusion-body .fusion-builder-column-0{width:50% !important;margin-top : 0px;margin-bottom : 0px;}.fusion-builder-column-0 > .fusion-column-wrapper {padding-top : 0px !important;padding-right : 0px !important;margin-right : 3.84%;padding-bottom : 0px !important;padding-left : 0px !important;margin-left : 3.84%;}@media only screen and (max-width:1024px) {.fusion-body .fusion-builder-column-0{width:100% !important;order : 0;}.fusion-builder-column-0 > .fusion-column-wrapper {margin-right : 1.92%;margin-left : 1.92%;}}@media only screen and (max-width:640px) {.fusion-body .fusion-builder-column-0{width:100% !important;order : 0;}.fusion-builder-column-0 > .fusion-column-wrapper {margin-right : 1.92%;margin-left : 1.92%;}}<\/style><\/div><div class=\"fusion-layout-column fusion_builder_column fusion-builder-column-1 fusion_builder_column_1_2 1_2 fusion-flex-column\"><div class=\"fusion-column-wrapper fusion-flex-justify-content-flex-start fusion-content-layout-column\" style=\"background-position:left top;background-repeat:no-repeat;-webkit-background-size:cover;-moz-background-size:cover;-o-background-size:cover;background-size:cover;padding: 0px 0px 0px 0px;\"><\/div><style type=\"text\/css\">.fusion-body .fusion-builder-column-1{width:50% !important;margin-top : 0px;margin-bottom : 0px;}.fusion-builder-column-1 > .fusion-column-wrapper {padding-top : 0px !important;padding-right : 0px !important;margin-right : 3.84%;padding-bottom : 0px !important;padding-left : 0px !important;margin-left : 3.84%;}@media only screen and (max-width:1024px) {.fusion-body .fusion-builder-column-1{width:100% !important;order : 0;}.fusion-builder-column-1 > .fusion-column-wrapper {margin-right : 1.92%;margin-left : 1.92%;}}@media only screen and (max-width:640px) {.fusion-body .fusion-builder-column-1{width:100% !important;order : 0;}.fusion-builder-column-1 > .fusion-column-wrapper {margin-right : 1.92%;margin-left : 1.92%;}}<\/style><\/div><\/div><style type=\"text\/css\">.fusion-body .fusion-flex-container.fusion-builder-row-1{ padding-top : 0px;margin-top : 0px;padding-right : 0px;padding-bottom : 0px;margin-bottom : 0px;padding-left : 0px;min-height:600px;}<\/style><\/div><div class=\"fusion-fullwidth fullwidth-box fusion-builder-row-2 fusion-flex-container has-pattern-background has-mask-background nonhundred-percent-fullwidth non-hundred-percent-height-scrolling\" style=\"background-color: #ffffff;background-position: center center;background-repeat: no-repeat;border-width: 0px 0px 0px 0px;border-color:var(--awb-color3);border-style:solid;\" ><div class=\"fusion-builder-row fusion-row fusion-flex-align-items-flex-start\" style=\"max-width:1456px;margin-left: calc(-4% \/ 2 );margin-right: calc(-4% \/ 2 );\"><div class=\"fusion-layout-column fusion_builder_column fusion-builder-column-2 fusion_builder_column_2_5 2_5 fusion-flex-column\"><div class=\"fusion-column-wrapper fusion-flex-justify-content-flex-start fusion-content-layout-column\" style=\"background-position:left top;background-repeat:no-repeat;-webkit-background-size:cover;-moz-background-size:cover;-o-background-size:cover;background-size:cover;padding: 0px 0px 0px 0px;\"><div class=\"fusion-text fusion-text-2\" style=\"text-align:center;font-size:60px;line-height:0.98em;letter-spacing:-2px;text-transform:lowercase;color:#0054a6;font-family:&quot;Chalet&quot;;font-weight:400;\"><p>qui nous sommes<\/p>\n<\/div><\/div><style type=\"text\/css\">.fusion-body .fusion-builder-column-2{width:40% !important;margin-top : 0px;margin-bottom : 0px;}.fusion-builder-column-2 > .fusion-column-wrapper {padding-top : 0px !important;padding-right : 0px !important;margin-right : 4.8%;padding-bottom : 0px !important;padding-left : 0px !important;margin-left : 4.8%;}@media only screen and (max-width:1024px) {.fusion-body .fusion-builder-column-2{width:100% !important;order : 0;}.fusion-builder-column-2 > .fusion-column-wrapper {margin-right : 1.92%;margin-left : 1.92%;}}@media only screen and (max-width:640px) {.fusion-body .fusion-builder-column-2{width:100% !important;order : 0;}.fusion-builder-column-2 > .fusion-column-wrapper {margin-right : 1.92%;margin-left : 1.92%;}}<\/style><\/div><div class=\"fusion-layout-column fusion_builder_column fusion-builder-column-3 fusion_builder_column_3_5 3_5 fusion-flex-column\"><div class=\"fusion-column-wrapper fusion-flex-justify-content-flex-start fusion-content-layout-column\" style=\"background-position:left top;background-repeat:no-repeat;-webkit-background-size:cover;-moz-background-size:cover;-o-background-size:cover;background-size:cover;padding: 0px 0px 0px 0px;\"><div class=\"fusion-text fusion-text-3\" style=\"text-align:left;font-size:18px;line-height:1.25em;color:#000000;font-family:Garamond, serif;font-weight:400;\"><p>Th\u00e9a Pharma Canada est un laboratoire pharmaceutique ind\u00e9pendant sp\u00e9cialis\u00e9 dans la commercialisation de produits en ophtalmologie.<\/p>\n<p>Fond\u00e9e en 2023, Th\u00e9a Pharma est la filiale canadienne de Th\u00e9a, chef de file mondial et pionnier en ophtalmologie. Nous avons pris l\u2019engagement d\u2019\u00eatre au service des m\u00e9decins qui traitent les pathologies du segment ant\u00e9rieur et de la surface oculaire.<\/p>\n<p>Notre objectif est de fournir des soins irr\u00e9prochables qui permettent \u00e0 tous les intervenants d\u2019aborder l\u2019avenir des traitements ophtalmiques en ayant les yeux grands ouverts.<\/p>\n<\/div><div class=\"fusion-text fusion-text-4\" style=\"font-size:20px;text-transform:uppercase;color:#000000;font-family:&quot;Chalet&quot;;font-weight:400;\"><p><strong>ENSEMBLE, B\u00c2TISSONS UN AVENIR RICHE DE R\u00c9SULTATS OPTIMAUX. <\/strong><\/p>\n<\/div><div style=\"text-align:left;\"><style>.fusion-body .fusion-button.button-1 .fusion-button-text,.fusion-body .fusion-button.button-1 i{color:var(--awb-color1);}.fusion-body .fusion-button.button-1{border-color:var(--awb-color1);border-width:1px 1px 1px 1px;border-radius:0px 0px 0px 0px;background:#ffffff;font-size:14px;font-family:\"Chalet\";font-weight:400;}.fusion-body .fusion-button.button-1:hover .fusion-button-text,.fusion-body .fusion-button.button-1:hover i,.fusion-body .fusion-button.button-1:focus .fusion-button-text,.fusion-body .fusion-button.button-1:focus i,.fusion-body .fusion-button.button-1:active .fusion-button-text,.fusion-body .fusion-button.button-1:active i{color:#ffffff;}.fusion-body .fusion-button.button-1:hover,.fusion-body .fusion-button.button-1:active,.fusion-body .fusion-button.button-1:focus{border-color:#ffffff;border-width:1px 1px 1px 1px;background:hsla(var(--awb-color4-h),calc(var(--awb-color4-s) - 4%),calc(var(--awb-color4-l) - 8%),var(--awb-color4-a));}<\/style><a class=\"fusion-button button-flat fusion-button-default-size button-custom button-1 fusion-button-default-span fusion-button-default-type home-learn-btn\" target=\"_self\" href=\"\/qui-nous-sommes\/\"><span class=\"fusion-button-text\">Tout sur Th\u00e9a Pharma<\/span><\/a><\/div><\/div><style type=\"text\/css\">.fusion-body .fusion-builder-column-3{width:60% !important;margin-top : 0px;margin-bottom : 0px;}.fusion-builder-column-3 > .fusion-column-wrapper {padding-top : 0px !important;padding-right : 0px !important;margin-right : 3.2%;padding-bottom : 0px !important;padding-left : 0px !important;margin-left : 3.2%;}@media only screen and (max-width:1024px) {.fusion-body .fusion-builder-column-3{width:100% !important;order : 0;}.fusion-builder-column-3 > .fusion-column-wrapper {margin-right : 1.92%;margin-left : 1.92%;}}@media only screen and (max-width:640px) {.fusion-body .fusion-builder-column-3{width:100% !important;order : 0;}.fusion-builder-column-3 > .fusion-column-wrapper {margin-right : 1.92%;margin-left : 1.92%;}}<\/style><\/div><\/div><style type=\"text\/css\">.fusion-body .fusion-flex-container.fusion-builder-row-2{ padding-top : 0px;margin-top : 70px;padding-right : 0px;padding-bottom : 0px;margin-bottom : 0px;padding-left : 0px;}<\/style><\/div><\/p>\n","protected":false},"excerpt":{"rendered":"","protected":false},"author":7,"featured_media":0,"parent":0,"menu_order":0,"comment_status":"closed","ping_status":"closed","template":"100-width.php","meta":{"footnotes":""},"class_list":["post-1268","page","type-page","status-publish","hentry"],"acf":[],"yoast_head":"<!-- This site is optimized with the Yoast SEO plugin v19.5.1 - https:\/\/yoast.com\/wordpress\/plugins\/seo\/ -->\n<title>Home &ndash; Th\u00e9a<\/title>\n<meta name=\"robots\" content=\"index, follow, max-snippet:-1, max-image-preview:large, max-video-preview:-1\" \/>\n<link rel=\"canonical\" href=\"http:\/\/theapharma.3h.ca\/fr\/\" \/>\n<meta property=\"og:locale\" content=\"fr_FR\" \/>\n<meta property=\"og:type\" content=\"article\" \/>\n<meta property=\"og:title\" content=\"Home &ndash; Th\u00e9a\" \/>\n<meta property=\"og:url\" content=\"http:\/\/theapharma.3h.ca\/fr\/\" \/>\n<meta property=\"og:site_name\" content=\"Th\u00e9a\" \/>\n<meta property=\"article:modified_time\" content=\"2022-12-21T16:52:35+00:00\" \/>\n<meta name=\"twitter:card\" content=\"summary_large_image\" \/>\n<meta name=\"twitter:label1\" content=\"Dur\u00e9e de lecture estim\u00e9e\" \/>\n\t<meta name=\"twitter:data1\" content=\"8 minutes\" \/>\n<script type=\"application\/ld+json\" class=\"yoast-schema-graph\">{\"@context\":\"https:\/\/schema.org\",\"@graph\":[{\"@type\":\"WebPage\",\"@id\":\"http:\/\/theapharma.3h.ca\/fr\/\",\"url\":\"http:\/\/theapharma.3h.ca\/fr\/\",\"name\":\"Home &ndash; Th\u00e9a\",\"isPartOf\":{\"@id\":\"http:\/\/theapharma.3h.ca\/#website\"},\"datePublished\":\"2021-06-09T18:11:55+00:00\",\"dateModified\":\"2022-12-21T16:52:35+00:00\",\"breadcrumb\":{\"@id\":\"http:\/\/theapharma.3h.ca\/fr\/#breadcrumb\"},\"inLanguage\":\"fr-FR\",\"potentialAction\":[{\"@type\":\"ReadAction\",\"target\":[\"http:\/\/theapharma.3h.ca\/fr\/\"]}]},{\"@type\":\"BreadcrumbList\",\"@id\":\"http:\/\/theapharma.3h.ca\/fr\/#breadcrumb\",\"itemListElement\":[{\"@type\":\"ListItem\",\"position\":1,\"name\":\"Home\",\"item\":\"http:\/\/theapharma.3h.ca\/fr\/\"},{\"@type\":\"ListItem\",\"position\":2,\"name\":\"Home\"}]},{\"@type\":\"WebSite\",\"@id\":\"http:\/\/theapharma.3h.ca\/#website\",\"url\":\"http:\/\/theapharma.3h.ca\/\",\"name\":\"Th\u00e9a\",\"description\":\"\",\"publisher\":{\"@id\":\"http:\/\/theapharma.3h.ca\/#organization\"},\"potentialAction\":[{\"@type\":\"SearchAction\",\"target\":{\"@type\":\"EntryPoint\",\"urlTemplate\":\"http:\/\/theapharma.3h.ca\/?s={search_term_string}\"},\"query-input\":\"required name=search_term_string\"}],\"inLanguage\":\"fr-FR\"},{\"@type\":\"Organization\",\"@id\":\"http:\/\/theapharma.3h.ca\/#organization\",\"name\":\"Th\u00e9a\",\"url\":\"http:\/\/theapharma.3h.ca\/\",\"sameAs\":[],\"logo\":{\"@type\":\"ImageObject\",\"inLanguage\":\"fr-FR\",\"@id\":\"http:\/\/theapharma.3h.ca\/#\/schema\/logo\/image\/\",\"url\":\"http:\/\/theapharmainc2.local\/wp-content\/uploads\/2021\/06\/thea-logo.png\",\"contentUrl\":\"http:\/\/theapharmainc2.local\/wp-content\/uploads\/2021\/06\/thea-logo.png\",\"width\":500,\"height\":250,\"caption\":\"Th\u00e9a\"},\"image\":{\"@id\":\"http:\/\/theapharma.3h.ca\/#\/schema\/logo\/image\/\"}}]}<\/script>\n<!-- \/ Yoast SEO plugin. -->","yoast_head_json":{"title":"Home &ndash; Th\u00e9a","robots":{"index":"index","follow":"follow","max-snippet":"max-snippet:-1","max-image-preview":"max-image-preview:large","max-video-preview":"max-video-preview:-1"},"canonical":"http:\/\/theapharma.3h.ca\/fr\/","og_locale":"fr_FR","og_type":"article","og_title":"Home &ndash; Th\u00e9a","og_url":"http:\/\/theapharma.3h.ca\/fr\/","og_site_name":"Th\u00e9a","article_modified_time":"2022-12-21T16:52:35+00:00","twitter_card":"summary_large_image","twitter_misc":{"Dur\u00e9e de lecture estim\u00e9e":"8 minutes"},"schema":{"@context":"https:\/\/schema.org","@graph":[{"@type":"WebPage","@id":"http:\/\/theapharma.3h.ca\/fr\/","url":"http:\/\/theapharma.3h.ca\/fr\/","name":"Home &ndash; Th\u00e9a","isPartOf":{"@id":"http:\/\/theapharma.3h.ca\/#website"},"datePublished":"2021-06-09T18:11:55+00:00","dateModified":"2022-12-21T16:52:35+00:00","breadcrumb":{"@id":"http:\/\/theapharma.3h.ca\/fr\/#breadcrumb"},"inLanguage":"fr-FR","potentialAction":[{"@type":"ReadAction","target":["http:\/\/theapharma.3h.ca\/fr\/"]}]},{"@type":"BreadcrumbList","@id":"http:\/\/theapharma.3h.ca\/fr\/#breadcrumb","itemListElement":[{"@type":"ListItem","position":1,"name":"Home","item":"http:\/\/theapharma.3h.ca\/fr\/"},{"@type":"ListItem","position":2,"name":"Home"}]},{"@type":"WebSite","@id":"http:\/\/theapharma.3h.ca\/#website","url":"http:\/\/theapharma.3h.ca\/","name":"Th\u00e9a","description":"","publisher":{"@id":"http:\/\/theapharma.3h.ca\/#organization"},"potentialAction":[{"@type":"SearchAction","target":{"@type":"EntryPoint","urlTemplate":"http:\/\/theapharma.3h.ca\/?s={search_term_string}"},"query-input":"required name=search_term_string"}],"inLanguage":"fr-FR"},{"@type":"Organization","@id":"http:\/\/theapharma.3h.ca\/#organization","name":"Th\u00e9a","url":"http:\/\/theapharma.3h.ca\/","sameAs":[],"logo":{"@type":"ImageObject","inLanguage":"fr-FR","@id":"http:\/\/theapharma.3h.ca\/#\/schema\/logo\/image\/","url":"http:\/\/theapharmainc2.local\/wp-content\/uploads\/2021\/06\/thea-logo.png","contentUrl":"http:\/\/theapharmainc2.local\/wp-content\/uploads\/2021\/06\/thea-logo.png","width":500,"height":250,"caption":"Th\u00e9a"},"image":{"@id":"http:\/\/theapharma.3h.ca\/#\/schema\/logo\/image\/"}}]}},"_links":{"self":[{"href":"http:\/\/theapharma.3h.ca\/fr\/wp-json\/wp\/v2\/pages\/1268","targetHints":{"allow":["GET"]}}],"collection":[{"href":"http:\/\/theapharma.3h.ca\/fr\/wp-json\/wp\/v2\/pages"}],"about":[{"href":"http:\/\/theapharma.3h.ca\/fr\/wp-json\/wp\/v2\/types\/page"}],"author":[{"embeddable":true,"href":"http:\/\/theapharma.3h.ca\/fr\/wp-json\/wp\/v2\/users\/7"}],"replies":[{"embeddable":true,"href":"http:\/\/theapharma.3h.ca\/fr\/wp-json\/wp\/v2\/comments?post=1268"}],"version-history":[{"count":4,"href":"http:\/\/theapharma.3h.ca\/fr\/wp-json\/wp\/v2\/pages\/1268\/revisions"}],"predecessor-version":[{"id":2264,"href":"http:\/\/theapharma.3h.ca\/fr\/wp-json\/wp\/v2\/pages\/1268\/revisions\/2264"}],"wp:attachment":[{"href":"http:\/\/theapharma.3h.ca\/fr\/wp-json\/wp\/v2\/media?parent=1268"}],"curies":[{"name":"wp","href":"https:\/\/api.w.org\/{rel}","templated":true}]}}